{"id":11,"date":"2026-04-06T16:34:19","date_gmt":"2026-04-06T16:34:19","guid":{"rendered":"https:\/\/guillermotur.com\/?page_id=11"},"modified":"2026-04-06T19:28:29","modified_gmt":"2026-04-06T19:28:29","slug":"inicio","status":"publish","type":"page","link":"https:\/\/guillermotur.com\/","title":{"rendered":""},"content":{"rendered":"\t\t<div data-elementor-type=\"wp-post\" data-elementor-id=\"11\" class=\"elementor elementor-11\">\n\t\t\t\t<div class=\"elementor-element elementor-element-477c094 e-flex e-con-boxed e-con e-parent\" data-id=\"477c094\" data-element_type=\"container\" data-e-type=\"container\">\n\t\t\t\t\t<div class=\"e-con-inner\">\n\t\t\t\t<div class=\"elementor-element elementor-element-763cd44 elementor-widget elementor-widget-html\" data-id=\"763cd44\" data-element_type=\"widget\" data-e-type=\"widget\" data-widget_type=\"html.default\">\n\t\t\t\t\t<div style=\"text-align: center; font-family: Arial, sans-serif; font-size: 60px; font-weight: bold; color: white; line-height: 1.5;\">\n  \n  <div style=\"margin-bottom: 1px;\">\n    <span style=\"background: #000000; padding: 2px 1px;\">Tener clientes \u00fanicamente por el  boca a boca,<\/span>\n  <\/div>\n\n  <div style=\"margin-bottom: 1px;\">\n    <span style=\"background: #000000; padding: 2px 1px;\">habla muy bien de tu trabajo,<\/span>\n  <\/div>\n  \n  <div>\n    <span style=\"background: #000000; padding: 2px 1px;\">pero muy mal de tu web<\/span>\n  <\/div>\n\n<\/div>\n\t\t\t\t<\/div>\n\t\t\t\t<div class=\"elementor-element elementor-element-711e863 elementor-widget elementor-widget-spacer\" data-id=\"711e863\" data-element_type=\"widget\" data-e-type=\"widget\" data-widget_type=\"spacer.default\">\n\t\t\t\t\t\t\t<div class=\"elementor-spacer\">\n\t\t\t<div class=\"elementor-spacer-inner\"><\/div>\n\t\t<\/div>\n\t\t\t\t\t\t<\/div>\n\t\t\t\t\t\t\t<h3 \n\t\tdata-interaction-id=\"e0018f3\" \n\t\tclass=\"e-e0018f3-2bc2b66 e-heading-base\" \n\t\t \n\t\t\n\t>\n\t\n\t\t\t<strong id=\"e-mnng09sx-ai4tykl\">La funci\u00f3n de una web no es solo atraer clientes.<\/strong>\n\t\t<\/h3>\n\t\t\t\t<div class=\"elementor-element elementor-element-1622b06 elementor-widget elementor-widget-spacer\" data-id=\"1622b06\" data-element_type=\"widget\" data-e-type=\"widget\" data-widget_type=\"spacer.default\">\n\t\t\t\t\t\t\t<div class=\"elementor-spacer\">\n\t\t\t<div class=\"elementor-spacer-inner\"><\/div>\n\t\t<\/div>\n\t\t\t\t\t\t<\/div>\n\t\t\t\t\t\t\t<h2 \n\t\tdata-interaction-id=\"ab3921a\" \n\t\tclass=\"e-ab3921a-9cb8c89 e-heading-base\" \n\t\t \n\t\t\n\t>\n\t\n\t\t\t<strong id=\"e-mnnfybn3-xx98e70\">\u00bfQuieres saber si tu web cumple bien su funci\u00f3n?<\/strong>\n\t\t<\/h2>\n\t\t\t\t<div class=\"elementor-element elementor-element-838750c elementor-widget elementor-widget-spacer\" data-id=\"838750c\" data-element_type=\"widget\" data-e-type=\"widget\" data-widget_type=\"spacer.default\">\n\t\t\t\t\t\t\t<div class=\"elementor-spacer\">\n\t\t\t<div class=\"elementor-spacer-inner\"><\/div>\n\t\t<\/div>\n\t\t\t\t\t\t<\/div>\n\t\t\t\t\t\t\t<h3 \n\t\tdata-interaction-id=\"a9d9470\" \n\t\tclass=\"e-a9d9470-9a64ff7 e-heading-base\" \n\t\t \n\t\t\n\t>\n\t\n\t\t\t<strong id=\"e-mnng4t4k-6perkyc\">F\u00edjate que no tenga frases como esta:<\/strong>\n\t\t<\/h3>\n\t\t\t\t<div class=\"elementor-element elementor-element-c3a7321 elementor-widget elementor-widget-spacer\" data-id=\"c3a7321\" data-element_type=\"widget\" data-e-type=\"widget\" data-widget_type=\"spacer.default\">\n\t\t\t\t\t\t\t<div class=\"elementor-spacer\">\n\t\t\t<div class=\"elementor-spacer-inner\"><\/div>\n\t\t<\/div>\n\t\t\t\t\t\t<\/div>\n\t\t\t\t\t\t\t\t<p class=\"e-7094ae9-6ab827f e-paragraph-base\" data-interaction-id=\"7094ae9\"  >\n\t\t\t\t\t\t\t\to &nbsp; <em id=\"e-mnnkk2ue-yu7sgjh\">\u201cLlevamos 1895 a\u00f1os en el mercado\u201d<\/em><br>o &nbsp; <em id=\"e-mnnkk2ue-pycpn5s\">\u201cNuestro cliente es nuestra mayor prioridad\u201d<\/em><br>o &nbsp; <em id=\"e-mnnkk2ue-rx9jeoy\">\u201cTe encontrar\u00e1s en las mejores manos\u201d<\/em><br>o &nbsp; <em id=\"e-mnnkk2ue-h9twtyq\">\u201cNuestro compromiso es tu bienestar y tus resultados\u201d<\/em><br>o &nbsp; <em id=\"e-mnnkk2ue-pwz1jde\">\u201cNos caracteriza nuestra calidad y profesionalidad\u201d<\/em><br>o &nbsp; <em id=\"e-mnnkk2ue-js4fywi\">\u201cSomos un centro multidisciplinario\u201d<\/em><br>o &nbsp; <em id=\"e-mnnkk2ue-frko2n3\">\u2026<\/em>\n\t\t\t\t\t<\/p>\n\t\t\t\t\t\t\t\t<p class=\"e-3e1fd42-6e2bee2 e-paragraph-base\" data-interaction-id=\"3e1fd42\"  >\n\t\t\t\t\t\t\t\t<br>Si no encuentras ning\u00fan parecido con tu web, <strong id=\"e-mnnkh2i5-9mrthsk\">Genial.<\/strong>&nbsp;<br><br>Pero si te has encontrado con alguna o varias del estilo,<br>te recomiendo hacer lo siguiente.&nbsp;<br><br><strong id=\"e-mnnkh2i5-o9s554i\">Modif\u00edcala.<\/strong>&nbsp;<br><br>Modif\u00edcala hasta que des con la tecla correcta.&nbsp;<br><br>Modif\u00edcala hasta que consigas que tus clientes salgan de ella como si les hubieras pegado un chicle al pelo.&nbsp;<br><br><strong id=\"e-mnnkh2i5-1ewtl7q\">Que no se la puedan quitar de la cabeza.<\/strong>&nbsp;<br><br>Si no la modificas ahora estar\u00e1s perdiendo clientes por cada visita a tu web, por cada d\u00eda, por cada hora, por cada segundo\u2026<br><br>Para ello\u2026\n\t\t\t\t\t<\/p>\n\t\t\t\t<div class=\"elementor-element elementor-element-4815dd7 elementor-widget elementor-widget-spacer\" data-id=\"4815dd7\" data-element_type=\"widget\" data-e-type=\"widget\" data-widget_type=\"spacer.default\">\n\t\t\t\t\t\t\t<div class=\"elementor-spacer\">\n\t\t\t<div class=\"elementor-spacer-inner\"><\/div>\n\t\t<\/div>\n\t\t\t\t\t\t<\/div>\n\t\t\t\t\t\t\t<h1 \n\t\tdata-interaction-id=\"aedf82f\" \n\t\tclass=\"e-aedf82f-813b1d1 e-heading-base\" \n\t\t \n\t\t\n\t>\n\t\n\t\t\t<strong id=\"e-mnnhnals-gv8x2gl\">Quiero darte una soluci\u00f3n<\/strong>\n\t\t<\/h1>\n\t\t\t\t\t\t\t\t<p class=\"e-cbd018f-5ee6f5b e-paragraph-base\" data-interaction-id=\"cbd018f\"  >\n\t\t\t\t\t\t\t\t<br>Si consigo que, por <strong id=\"e-mnnhqntd-ucsetqj\">solo 30\u20ac <\/strong>y cambiando <strong id=\"e-mnnhqntd-2b7w0fw\">3 cosas <\/strong>de tu web, tus clientes se queden con ella en su cabeza y pasen completamente de tu competencia...\n\t\t\t\t\t<\/p>\n\t\t\t\t<div class=\"elementor-element elementor-element-2a531ac elementor-widget elementor-widget-spacer\" data-id=\"2a531ac\" data-element_type=\"widget\" data-e-type=\"widget\" data-widget_type=\"spacer.default\">\n\t\t\t\t\t\t\t<div class=\"elementor-spacer\">\n\t\t\t<div class=\"elementor-spacer-inner\"><\/div>\n\t\t<\/div>\n\t\t\t\t\t\t<\/div>\n\t\t\t\t\t\t\t<h2 \n\t\tdata-interaction-id=\"4dc69e5\" \n\t\tclass=\"e-4dc69e5-0980c93 e-heading-base\" \n\t\t \n\t\t\n\t>\n\t\n\t\t\t<strong id=\"e-mnnhr461-jp8rj5g\">\u00bfEstar\u00edas dispuesto a invertir algo m\u00e1s, para que esos clientes, no solo no se olviden de ti, sino que se decidan antes a comprarte?<\/strong>\n\t\t<\/h2>\n\t\t\t\t\t\t\t\t<p class=\"e-1b879ff-a619ff3 e-paragraph-base\" data-interaction-id=\"1b879ff\"  >\n\t\t\t\t\t\t\t\t<br>S\u00e9 que tomar tus propias decisiones como emprendedor no es f\u00e1cil, y m\u00e1s con la cantidad de vendeh\u00famos que hay por ah\u00ed, y m\u00e1s a\u00fan con lo \"seductor\" que es hacerte funcionario en Espa\u00f1a.<br><br>Pero creo que no te exijo demasiado como para que pienses que has tomado una mala decisi\u00f3n.\n\t\t\t\t\t<\/p>\n\t\t\t\t<div class=\"elementor-element elementor-element-79d2f7a elementor-widget elementor-widget-spacer\" data-id=\"79d2f7a\" data-element_type=\"widget\" data-e-type=\"widget\" data-widget_type=\"spacer.default\">\n\t\t\t\t\t\t\t<div class=\"elementor-spacer\">\n\t\t\t<div class=\"elementor-spacer-inner\"><\/div>\n\t\t<\/div>\n\t\t\t\t\t\t<\/div>\n\t\t\t\t\t\t\t<h1 \n\t\tdata-interaction-id=\"7d94b73\" \n\t\tclass=\"e-7d94b73-e75547a e-heading-base\" \n\t\t \n\t\t\n\t>\n\t\n\t\t\t<strong id=\"e-mnnhtr09-v26vk4y\">30\u20ac<\/strong>\n\t\t<\/h1>\n\t\t\t\t\t\t\t<h2 \n\t\tdata-interaction-id=\"8d3fcd7\" \n\t\tclass=\"e-8d3fcd7-c770432 e-heading-base\" \n\t\t \n\t\t\n\t>\n\t\n\t\t\t<strong id=\"e-mnnhtx45-o7gf5l9\">3 sencillos pasos para que tu web se quede como un chicle en el pelo de tus clientes<\/strong>\n\t\t<\/h2>\n\t\t\t\t\t    \t            <button class=\"e-7173ef9-1f33d28 e-button-base\" data-interaction-id=\"7173ef9\"  >\n            Comprar\n        <\/button>\n    \t\t\t\t\t\t\t\t<p class=\"e-ab4d9fa-12818ed e-paragraph-base\" data-interaction-id=\"ab4d9fa\"  >\n\t\t\t\t\t\t\t\t<br><br><strong id=\"e-mnnijoy2-k75h2no\">PD:<\/strong> Se lee en 5 minutos, se aplica en 5 d\u00edas, te ahorras 5 a\u00f1os.<br><br><br><strong id=\"e-mnnijoy2-efrw8zu\">PD2: <\/strong>No te recomiendo comprarlo si luego <strong id=\"e-mnnijoy2-21qpu1d\">no est\u00e1s dispuesto a seguir invirtiendo en mejorar tu web<\/strong>. 30\u20ac no te sacar\u00e1n de un apuro. Ahora bien, quinientos o mil... ya es otra cosa.<br><br><br><strong id=\"e-mnnijoy2-fcmju0w\">PD3:<\/strong> Seguramente, al llegar hasta aqu\u00ed, te estar\u00e1s preguntando:<br><br><strong id=\"e-mnnijoy2-uss33gn\">\u00bfQui\u00e9n es este tipo?<\/strong><br><br><strong id=\"e-mnnijoy2-wf4iz2o\">Que aparece de la nada, dando consejitos,<\/strong><br><br><strong id=\"e-mnnijoy2-awky72s\">y ni siquiera s\u00e9 si es un hombre o una mujer.<\/strong><br><br>Pues aqu\u00ed puedes ver qui\u00e9n soy. <a target=\"_self\" href=\"https:\/\/guillermotur.com\/sobre-mi\" id=\"e-mnnijoy2-kzko6kc\">ya te adelanto que...<\/a>\n\t\t\t\t\t<\/p>\n\t\t\t\t<div class=\"elementor-element elementor-element-0fdd847 elementor-widget elementor-widget-spacer\" data-id=\"0fdd847\" data-element_type=\"widget\" data-e-type=\"widget\" data-widget_type=\"spacer.default\">\n\t\t\t\t\t\t\t<div class=\"elementor-spacer\">\n\t\t\t<div class=\"elementor-spacer-inner\"><\/div>\n\t\t<\/div>\n\t\t\t\t\t\t<\/div>\n\t\t\t\t\t<\/div>\n\t\t\t\t<\/div>\n\t\t\t\t<\/div>\n\t\t","protected":false},"excerpt":{"rendered":"<p>Tener clientes \u00fanicamente por el boca a boca, habla muy bien de tu trabajo, pero muy mal de tu web [&hellip;]<\/p>\n","protected":false},"author":1,"featured_media":0,"parent":0,"menu_order":0,"comment_status":"closed","ping_status":"closed","template":"","meta":{"site-sidebar-layout":"default","site-content-layout":"","ast-site-content-layout":"default","site-content-style":"default","site-sidebar-style":"default","ast-global-header-display":"","ast-banner-title-visibility":"","ast-main-header-display":"","ast-hfb-above-header-display":"","ast-hfb-below-header-display":"","ast-hfb-mobile-header-display":"","site-post-title":"","ast-breadcrumbs-content":"","ast-featured-img":"","footer-sml-layout":"","ast-disable-related-posts":"","theme-transparent-header-meta":"","adv-header-id-meta":"","stick-header-meta":"","header-above-stick-meta":"","header-main-stick-meta":"","header-below-stick-meta":"","astra-migrate-meta-layouts":"default","ast-page-background-enabled":"default","ast-page-background-meta":{"desktop":{"background-color":"var(--ast-global-color-5)","background-image":"","background-repeat":"repeat","background-position":"center center","background-size":"auto","background-attachment":"scroll","background-type":"","background-media":"","overlay-type":"","overlay-color":"","overlay-opacity":"","overlay-gradient":""},"tablet":{"background-color":"","background-image":"","background-repeat":"repeat","background-position":"center center","background-size":"auto","background-attachment":"scroll","background-type":"","background-media":"","overlay-type":"","overlay-color":"","overlay-opacity":"","overlay-gradient":""},"mobile":{"background-color":"","background-image":"","background-repeat":"repeat","background-position":"center center","background-size":"auto","background-attachment":"scroll","background-type":"","background-media":"","overlay-type":"","overlay-color":"","overlay-opacity":"","overlay-gradient":""}},"ast-content-background-meta":{"desktop":{"background-color":"var(--ast-global-color-4)","background-image":"","background-repeat":"repeat","background-position":"center center","background-size":"auto","background-attachment":"scroll","background-type":"","background-media":"","overlay-type":"","overlay-color":"","overlay-opacity":"","overlay-gradient":""},"tablet":{"background-color":"var(--ast-global-color-4)","background-image":"","background-repeat":"repeat","background-position":"center center","background-size":"auto","background-attachment":"scroll","background-type":"","background-media":"","overlay-type":"","overlay-color":"","overlay-opacity":"","overlay-gradient":""},"mobile":{"background-color":"var(--ast-global-color-4)","background-image":"","background-repeat":"repeat","background-position":"center center","background-size":"auto","background-attachment":"scroll","background-type":"","background-media":"","overlay-type":"","overlay-color":"","overlay-opacity":"","overlay-gradient":""}},"footnotes":""},"class_list":["post-11","page","type-page","status-publish","hentry"],"_links":{"self":[{"href":"https:\/\/guillermotur.com\/wp-json\/wp\/v2\/pages\/11","targetHints":{"allow":["GET"]}}],"collection":[{"href":"https:\/\/guillermotur.com\/wp-json\/wp\/v2\/pages"}],"about":[{"href":"https:\/\/guillermotur.com\/wp-json\/wp\/v2\/types\/page"}],"author":[{"embeddable":true,"href":"https:\/\/guillermotur.com\/wp-json\/wp\/v2\/users\/1"}],"replies":[{"embeddable":true,"href":"https:\/\/guillermotur.com\/wp-json\/wp\/v2\/comments?post=11"}],"version-history":[{"count":78,"href":"https:\/\/guillermotur.com\/wp-json\/wp\/v2\/pages\/11\/revisions"}],"predecessor-version":[{"id":124,"href":"https:\/\/guillermotur.com\/wp-json\/wp\/v2\/pages\/11\/revisions\/124"}],"wp:attachment":[{"href":"https:\/\/guillermotur.com\/wp-json\/wp\/v2\/media?parent=11"}],"curies":[{"name":"wp","href":"https:\/\/api.w.org\/{rel}","templated":true}]}}